{"id":1594,"date":"2019-02-09T11:40:00","date_gmt":"2019-02-09T11:40:00","guid":{"rendered":"https:\/\/www.diekleinengiganten.de\/?page_id=1594"},"modified":"2021-02-02T07:59:07","modified_gmt":"2021-02-02T07:59:07","slug":"ueber-uns","status":"publish","type":"page","link":"https:\/\/www.diekleinengiganten.de\/?page_id=1594","title":{"rendered":"\u00dcber Uns"},"content":{"rendered":"<p>[vc_row full_width=&#8221;stretch_row&#8221; css=&#8221;.vc_custom_1549723535632{background-image: url(https:\/\/www.diekleinengiganten.de\/wp-content\/uploads\/2017\/08\/1920x211_bg-2.png?id=765) !important;}&#8221;][vc_column][vc_column_text]<\/p>\n<h2><span style=\"color: #e30613;\">\u00dc<\/span><span style=\"color: #009fe3;\">B<\/span><span style=\"color: #009640;\">E<\/span><span style=\"color: #f39200;\">R <\/span><span style=\"color: #662483;\">U<\/span><span style=\"color: #d60b52;\">N<\/span><span style=\"color: #c99e67;\">S<\/span><\/h2>\n<p>[\/vc_column_text][vc_column_text]<em>Die kleinen Giganten &#8211; Ein gesundes Gro\u00df werden!<br \/>\nUnser Schwerpunkt liegt auf der Gesundheit mit den Themen Bewegung, Ern\u00e4hrung und Pers\u00f6nlichkeit.<\/em><\/p>\n<p>Schon der Name unseres Hauses \u201eDie kleinen Giganten\u201c soll zeigen, dass die Wertsch\u00e4tzung der Kinder sehr gro\u00dfgeschrieben wird. Kinder sind kleine Giganten.<\/p>\n<p>Es sind gro\u00dfe Wunder, die voneinander lernen. Sie brauchen Licht, Luft, Raum und ein Umfeld, das liebevoll f\u00fcr sie sorgt. Kinder brauchen vor allem Zeit, um sich zu entwickeln.<\/p>\n<p>Unser Haus bietet den Kindern ein Ort f\u00fcr eine ausgiebige Bewegung, ausgewogene Ern\u00e4hrung und Platz f\u00fcr weitere Sprachen und Kulturen.<\/p>\n<p>Die Kindertagesst\u00e4tte liegt in der S\u00fcdstadt. Dieser Stadtteil ist lebendig, stadtnahe und bietet trotzdem Natur.<\/p>\n<p>Die Einrichtung ist in einem Altbau von 1862 untergebracht. Nach einer speziell f\u00fcr uns durchgef\u00fchrten Sanierung im Jahr 2018\/19 haben wir die R\u00e4ume zum April 2020 bezogen. Bei der qualitativ hochwertigen Sanierung wurde stark auf Nachhaltigkeit geachtet und Material verwendet, welches f\u00fcr eine Kita geeignet ist. Dies setzt sich auch beim Mobiliar der Einrichtung, dem Spielmaterial, sowie dem Au\u00dfenbereich mit der circa 220 Jahre alten Kastanie fort.<\/p>\n<p>Die allgemeinen \u00d6ffnungszeiten der Kindertagesst\u00e4tte sind von Montag bis Freitag von 07:00 Uhr bis 17:00 Uhr. An Feiertagen ist die Einrichtung grunds\u00e4tzlich geschlossen. J\u00e4hrlich gibt es bis zu 15 Schlie\u00dftage.[\/vc_column_text][\/vc_column][\/vc_row][vc_row][vc_column][vc_separator css=&#8221;.vc_custom_1549713161581{margin-top: 25px !important;margin-bottom: 25px !important;}&#8221;][\/vc_column][\/vc_row][vc_row full_width=&#8221;stretch_row&#8221; parallax=&#8221;content-moving&#8221; parallax_image=&#8221;415&#8243; css=&#8221;.vc_custom_1549714862635{padding-top: 90px !important;padding-bottom: 70px !important;}&#8221;][vc_column][vc_mad_info_block tag_title=&#8221;h2&#8243; title_align=&#8221;align-center&#8221; description_align=&#8221;align-center&#8221; type=&#8221;type-2 type-5&#8243; columns=&#8221;2&#8243; font_container_title=&#8221;tag:h2|text_align:left|color:%23ffffff&#8221; font_container_description=&#8221;text_align:center|color:%23ffffff&#8221; title=&#8221;Betreuungspl\u00e4tze&#8221; description=&#8221;Wir bieten Pl\u00e4tze f\u00fcr Kinder verschiedener Altersgruppen&#8221; title_color=&#8221;#ffffff&#8221; description_color=&#8221;#ffffff&#8221;][vc_mad_info_block_item icon=&#8221;licon-baby-bottle&#8221; title=&#8221;Krippe&#8221; icon_color=&#8221;#ffffff&#8221; title_item_color=&#8221;#ffffff&#8221;][vc_column_text]<span style=\"color: #e9e9e9;\">Kinder zwischen 1-3 Jahren<\/span><\/p>\n<p><span style=\"color: #e9e9e9;\">2 Gruppen \u00e1 10 Kinder<\/span>[\/vc_column_text][\/vc_mad_info_block_item][vc_mad_info_block_item icon=&#8221;licon-slingshot&#8221; title=&#8221;Kindergarten&#8221; icon_color=&#8221;#ffffff&#8221; title_item_color=&#8221;#ffffff&#8221;][vc_column_text]<span style=\"color: #e9e9e9;\">Kinder zwischen 3-6 Jahren<\/span><\/p>\n<p><span style=\"color: #e9e9e9;\"> 2 Gruppen \u00e1 20 Kinder<\/span>[\/vc_column_text][\/vc_mad_info_block_item][\/vc_mad_info_block][\/vc_column][\/vc_row][vc_row][vc_column][vc_separator css=&#8221;.vc_custom_1549713161581{margin-top: 25px !important;margin-bottom: 25px !important;}&#8221;][\/vc_column][\/vc_row][vc_row full_width=&#8221;stretch_row&#8221; css=&#8221;.vc_custom_1549714876738{margin-bottom: 25px !important;border-bottom-width: 25px !important;padding-top: 90px !important;padding-bottom: 90px !important;background: #9e59ff url(https:\/\/www.diekleinengiganten.de\/wp-content\/uploads\/2017\/08\/1920x211_bg-2.png?id=765) !important;}&#8221;][vc_column][vc_mad_counter values=&#8221;%5B%7B%22label%22%3A%22Jahre%20seit%20Er%C3%B6ffnung%22%2C%22value%22%3A%220%22%2C%22icon%22%3A%22none%22%7D%2C%7B%22label%22%3A%22Qualifizierte%20Erzieher%22%2C%22value%22%3A%2214%22%2C%22icon%22%3A%22none%22%7D%2C%7B%22label%22%3A%22Gl%C3%BCckliche%20Kinder%22%2C%22value%22%3A%2260%22%2C%22icon%22%3A%22none%22%7D%5D&#8221; title=&#8221;Warum kleine Giganten?&#8221; description=&#8221;Eltern w\u00e4hlen uns&#8221; title_color=&#8221;#ffffff&#8221; description_color=&#8221;#ffffff&#8221; number_color=&#8221;#ffffff&#8221; label_color=&#8221;#ffffff&#8221; icon_color=&#8221;#ffffff&#8221;][\/vc_column][\/vc_row]<\/p>\n","protected":false},"excerpt":{"rendered":"<p>[vc_row full_width=&#8221;stretch_row&#8221; css=&#8221;.vc_custom_1549723535632{background-image: url(https:\/\/www.diekleinengiganten.de\/wp-content\/uploads\/2017\/08\/1920x211_bg-2.png?id=765) !important;}&#8221;][vc_column][vc_column_text] \u00dcBER UNS [\/vc_column_text][vc_column_text]Die kleinen Giganten &#8211; Ein gesundes Gro\u00df werden! Unser Schwerpunkt liegt auf der Gesundheit mit den Themen Bewegung, Ern\u00e4hrung und Pers\u00f6nlichkeit. Schon der Name unseres Hauses \u201eDie kleinen Giganten\u201c soll zeigen, dass die Wertsch\u00e4tzung der Kinder sehr gro\u00dfgeschrieben wird. Kinder sind kleine Giganten. Es sind gro\u00dfe Wunder, die [&hellip;]<\/p>\n","protected":false},"author":1,"featured_media":0,"parent":0,"menu_order":0,"comment_status":"closed","ping_status":"closed","template":"","meta":{"_EventAllDay":false,"_EventTimezone":"","_EventStartDate":"","_EventEndDate":"","_EventStartDateUTC":"","_EventEndDateUTC":"","_EventShowMap":false,"_EventShowMapLink":false,"_EventURL":"","_EventCost":"","_EventCostDescription":"","_EventCurrencySymbol":"","_EventCurrencyPosition":"","_EventDateTimeSeparator":"","_EventTimeRangeSeparator":"","_EventOrganizerID":[],"_EventVenueID":0,"_OrganizerEmail":"","_OrganizerPhone":"","_OrganizerWebsite":"","_VenueAddress":"","_VenueCity":"","_VenueCountry":"","_VenueProvince":"","_VenueZip":"","_VenuePhone":"","_VenueURL":"","_VenueStateProvince":"","_VenueLat":"","_VenueLng":"","footnotes":""},"class_list":["post-1594","page","type-page","status-publish","hentry"],"_links":{"self":[{"href":"https:\/\/www.diekleinengiganten.de\/index.php?rest_route=\/wp\/v2\/pages\/1594","targetHints":{"allow":["GET"]}}],"collection":[{"href":"https:\/\/www.diekleinengiganten.de\/index.php?rest_route=\/wp\/v2\/pages"}],"about":[{"href":"https:\/\/www.diekleinengiganten.de\/index.php?rest_route=\/wp\/v2\/types\/page"}],"author":[{"embeddable":true,"href":"https:\/\/www.diekleinengiganten.de\/index.php?rest_route=\/wp\/v2\/users\/1"}],"replies":[{"embeddable":true,"href":"https:\/\/www.diekleinengiganten.de\/index.php?rest_route=%2Fwp%2Fv2%2Fcomments&post=1594"}],"version-history":[{"count":10,"href":"https:\/\/www.diekleinengiganten.de\/index.php?rest_route=\/wp\/v2\/pages\/1594\/revisions"}],"predecessor-version":[{"id":1976,"href":"https:\/\/www.diekleinengiganten.de\/index.php?rest_route=\/wp\/v2\/pages\/1594\/revisions\/1976"}],"wp:attachment":[{"href":"https:\/\/www.diekleinengiganten.de\/index.php?rest_route=%2Fwp%2Fv2%2Fmedia&parent=1594"}],"curies":[{"name":"wp","href":"https:\/\/api.w.org\/{rel}","templated":true}]}}