{"id":1659,"date":"2019-02-09T14:27:27","date_gmt":"2019-02-09T14:27:27","guid":{"rendered":"https:\/\/www.diekleinengiganten.de\/?page_id=1659"},"modified":"2025-01-09T03:22:56","modified_gmt":"2025-01-09T03:22:56","slug":"infos","status":"publish","type":"page","link":"https:\/\/www.diekleinengiganten.de\/?page_id=1659","title":{"rendered":"Anmeldung"},"content":{"rendered":"<p>[vc_row full_width=&#8221;stretch_row&#8221; css=&#8221;.vc_custom_1549723814518{background-image: url(https:\/\/www.diekleinengiganten.de\/wp-content\/uploads\/2017\/08\/1920x211_bg-2.png?id=765) !important;}&#8221;][vc_column][vc_column_text]<\/p>\n<h2><span style=\"color: #e30613;\">A<\/span><span style=\"color: #009fe3;\">N<\/span><span style=\"color: #f8ea1b;\">M<\/span><span style=\"color: #009640;\">E<\/span><span style=\"color: #f39200;\">L<\/span><span style=\"color: #662483;\">D<\/span><span style=\"color: #d60b52;\">U<\/span><span style=\"color: #c99e67;\">N<\/span><span style=\"color: #e30613;\">G<\/span><\/h2>\n<p>[\/vc_column_text][vc_column_text]Liebe Eltern,<\/p>\n<p>Sie m\u00f6chten Ihr Kind bei uns in der Kita anmelden?<\/p>\n<p>Wir nehmen teil am einheitlichen Anmelde- und R\u00fcckmeldeverfahren Karlsruher Kitas. F\u00fcllen Sie dieses Kontaktformular aus und senden es uns. Sie werden nach Eingang der Anmeldung in die Warteliste f\u00fcr die Einrichtung aufgenommen. Der Link f\u00fchrt Sie zur Anmeldeseite der Stadt Karlsruhe.[\/vc_column_text][vc_btn title=&#8221;Hier Anmelden&#8221; style=&#8221;classic&#8221; color=&#8221;pink&#8221; size=&#8221;lg&#8221; align=&#8221;center&#8221; link=&#8221;url:https%3A%2F%2Fkitaportal.karlsruhe.de%2Fstart%3Bjsessionid%3D80C5F67B9C09D7691FCDC0AA5C572220.ajp13_worker_webkita_master%3F0||target:%20_blank|&#8221; css=&#8221;.vc_custom_1736392970820{padding-top: 25px !important;}&#8221;][\/vc_column][\/vc_row][vc_row][vc_column][vc_separator css=&#8221;.vc_custom_1553701873044{margin-top: 25px !important;border-top-width: 25px !important;padding-top: 25px !important;}&#8221;][\/vc_column][\/vc_row][vc_row full_width=&#8221;stretch_row&#8221;][vc_column][vc_column_text][\/vc_column_text][vc_column_text][\/vc_column_text][\/vc_column][\/vc_row]<\/p>\n","protected":false},"excerpt":{"rendered":"<p>[vc_row full_width=&#8221;stretch_row&#8221; css=&#8221;.vc_custom_1549723814518{background-image: url(https:\/\/www.diekleinengiganten.de\/wp-content\/uploads\/2017\/08\/1920x211_bg-2.png?id=765) !important;}&#8221;][vc_column][vc_column_text] ANMELDUNG [\/vc_column_text][vc_column_text]Liebe Eltern, Sie m\u00f6chten Ihr Kind bei uns in der Kita anmelden? Wir nehmen teil am einheitlichen Anmelde- und R\u00fcckmeldeverfahren Karlsruher Kitas. F\u00fcllen Sie dieses Kontaktformular aus und senden es uns. Sie werden nach Eingang der Anmeldung in die Warteliste f\u00fcr die Einrichtung aufgenommen. Der Link f\u00fchrt Sie zur [&hellip;]<\/p>\n","protected":false},"author":1,"featured_media":0,"parent":0,"menu_order":0,"comment_status":"closed","ping_status":"closed","template":"","meta":{"_EventAllDay":false,"_EventTimezone":"","_EventStartDate":"","_EventEndDate":"","_EventStartDateUTC":"","_EventEndDateUTC":"","_EventShowMap":false,"_EventShowMapLink":false,"_EventURL":"","_EventCost":"","_EventCostDescription":"","_EventCurrencySymbol":"","_EventCurrencyPosition":"","_EventDateTimeSeparator":"","_EventTimeRangeSeparator":"","_EventOrganizerID":[],"_EventVenueID":0,"_OrganizerEmail":"","_OrganizerPhone":"","_OrganizerWebsite":"","_VenueAddress":"","_VenueCity":"","_VenueCountry":"","_VenueProvince":"","_VenueZip":"","_VenuePhone":"","_VenueURL":"","_VenueStateProvince":"","_VenueLat":"","_VenueLng":"","footnotes":""},"class_list":["post-1659","page","type-page","status-publish","hentry"],"_links":{"self":[{"href":"https:\/\/www.diekleinengiganten.de\/index.php?rest_route=\/wp\/v2\/pages\/1659","targetHints":{"allow":["GET"]}}],"collection":[{"href":"https:\/\/www.diekleinengiganten.de\/index.php?rest_route=\/wp\/v2\/pages"}],"about":[{"href":"https:\/\/www.diekleinengiganten.de\/index.php?rest_route=\/wp\/v2\/types\/page"}],"author":[{"embeddable":true,"href":"https:\/\/www.diekleinengiganten.de\/index.php?rest_route=\/wp\/v2\/users\/1"}],"replies":[{"embeddable":true,"href":"https:\/\/www.diekleinengiganten.de\/index.php?rest_route=%2Fwp%2Fv2%2Fcomments&post=1659"}],"version-history":[{"count":10,"href":"https:\/\/www.diekleinengiganten.de\/index.php?rest_route=\/wp\/v2\/pages\/1659\/revisions"}],"predecessor-version":[{"id":2061,"href":"https:\/\/www.diekleinengiganten.de\/index.php?rest_route=\/wp\/v2\/pages\/1659\/revisions\/2061"}],"wp:attachment":[{"href":"https:\/\/www.diekleinengiganten.de\/index.php?rest_route=%2Fwp%2Fv2%2Fmedia&parent=1659"}],"curies":[{"name":"wp","href":"https:\/\/api.w.org\/{rel}","templated":true}]}}