{"id":1690,"date":"2019-02-09T15:15:42","date_gmt":"2019-02-09T15:15:42","guid":{"rendered":"https:\/\/www.diekleinengiganten.de\/?page_id=1690"},"modified":"2019-02-12T15:08:14","modified_gmt":"2019-02-12T15:08:14","slug":"impressum","status":"publish","type":"page","link":"https:\/\/www.diekleinengiganten.de\/?page_id=1690","title":{"rendered":"Impressum"},"content":{"rendered":"<p>[vc_row full_width=&#8221;stretch_row&#8221; css=&#8221;.vc_custom_1549723535632{background-image: url(https:\/\/www.diekleinengiganten.de\/wp-content\/uploads\/2017\/08\/1920x211_bg-2.png?id=765) !important;}&#8221;][vc_column][vc_column_text]<\/p>\n<h2><span style=\"color: #e30613;\">I<\/span><span style=\"color: #009fe3;\">M<\/span><span style=\"color: #009640;\">P<\/span><span style=\"color: #f39200;\">R<\/span><span style=\"color: #662483;\">E<\/span><span style=\"color: #d60b52;\">S<\/span><span style=\"color: #c99e67;\">S<\/span><span style=\"color: #e30613;\">U<\/span><span style=\"color: #009fe3;\">M<\/span><\/h2>\n<p>[\/vc_column_text][vc_column_text]<strong>Angaben gem\u00e4\u00df \u00a7 5 TMG<\/strong><\/p>\n<p>Zukunftsschmiede gGmbH<br \/>\nWilhelmstra\u00dfe 14<br \/>\n76137 Karlsruhe<\/p>\n<p><strong>Vertreten durch die Gesch\u00e4ftsf\u00fchrer:<\/strong><br \/>\nTamara Schwarz<\/p>\n<p><strong>Kontakt<\/strong><\/p>\n<p>Telefon: 0176\/56591263<br \/>\nE-Mail: info@diekleinengiganten.de<\/p>\n<p>Wir sind nicht bereit oder verpflichtet, an Streitbeilegungsverfahren vor einer Verbraucherschlichtungsstelle teilzunehmen.<\/p>\n<p>Quelle: <a href=\"https:\/\/www.e-recht24.de\">e-recht24.de<\/a>[\/vc_column_text][\/vc_column][\/vc_row]<\/p>\n","protected":false},"excerpt":{"rendered":"<p>[vc_row full_width=&#8221;stretch_row&#8221; css=&#8221;.vc_custom_1549723535632{background-image: url(https:\/\/www.diekleinengiganten.de\/wp-content\/uploads\/2017\/08\/1920x211_bg-2.png?id=765) !important;}&#8221;][vc_column][vc_column_text] IMPRESSUM [\/vc_column_text][vc_column_text]Angaben gem\u00e4\u00df \u00a7 5 TMG Zukunftsschmiede gGmbH Wilhelmstra\u00dfe 14 76137 Karlsruhe Vertreten durch die Gesch\u00e4ftsf\u00fchrer: Tamara Schwarz Kontakt Telefon: 0176\/56591263 E-Mail: info@diekleinengiganten.de Wir sind nicht bereit oder verpflichtet, an Streitbeilegungsverfahren vor einer Verbraucherschlichtungsstelle teilzunehmen. Quelle: e-recht24.de[\/vc_column_text][\/vc_column][\/vc_row]<\/p>\n","protected":false},"author":1,"featured_media":0,"parent":0,"menu_order":0,"comment_status":"closed","ping_status":"closed","template":"","meta":{"_EventAllDay":false,"_EventTimezone":"","_EventStartDate":"","_EventEndDate":"","_EventStartDateUTC":"","_EventEndDateUTC":"","_EventShowMap":false,"_EventShowMapLink":false,"_EventURL":"","_EventCost":"","_EventCostDescription":"","_EventCurrencySymbol":"","_EventCurrencyPosition":"","_EventDateTimeSeparator":"","_EventTimeRangeSeparator":"","_EventOrganizerID":[],"_EventVenueID":0,"_OrganizerEmail":"","_OrganizerPhone":"","_OrganizerWebsite":"","_VenueAddress":"","_VenueCity":"","_VenueCountry":"","_VenueProvince":"","_VenueZip":"","_VenuePhone":"","_VenueURL":"","_VenueStateProvince":"","_VenueLat":"","_VenueLng":"","footnotes":""},"class_list":["post-1690","page","type-page","status-publish","hentry"],"_links":{"self":[{"href":"https:\/\/www.diekleinengiganten.de\/index.php?rest_route=\/wp\/v2\/pages\/1690","targetHints":{"allow":["GET"]}}],"collection":[{"href":"https:\/\/www.diekleinengiganten.de\/index.php?rest_route=\/wp\/v2\/pages"}],"about":[{"href":"https:\/\/www.diekleinengiganten.de\/index.php?rest_route=\/wp\/v2\/types\/page"}],"author":[{"embeddable":true,"href":"https:\/\/www.diekleinengiganten.de\/index.php?rest_route=\/wp\/v2\/users\/1"}],"replies":[{"embeddable":true,"href":"https:\/\/www.diekleinengiganten.de\/index.php?rest_route=%2Fwp%2Fv2%2Fcomments&post=1690"}],"version-history":[{"count":4,"href":"https:\/\/www.diekleinengiganten.de\/index.php?rest_route=\/wp\/v2\/pages\/1690\/revisions"}],"predecessor-version":[{"id":1707,"href":"https:\/\/www.diekleinengiganten.de\/index.php?rest_route=\/wp\/v2\/pages\/1690\/revisions\/1707"}],"wp:attachment":[{"href":"https:\/\/www.diekleinengiganten.de\/index.php?rest_route=%2Fwp%2Fv2%2Fmedia&parent=1690"}],"curies":[{"name":"wp","href":"https:\/\/api.w.org\/{rel}","templated":true}]}}