{"id":882,"date":"2017-10-03T08:14:57","date_gmt":"2017-10-03T08:14:57","guid":{"rendered":"https:\/\/velikorodnov.com\/dev\/owlhouse\/?page_id=882"},"modified":"2026-03-28T15:50:25","modified_gmt":"2026-03-28T15:50:25","slug":"home-1","status":"publish","type":"page","link":"https:\/\/www.diekleinengiganten.de\/","title":{"rendered":"Home"},"content":{"rendered":"<p>[vc_row][vc_column][rev_slider_vc alias=&#8221;slider1&#8243;][\/vc_column][\/vc_row][vc_row full_width=&#8221;stretch_row&#8221; css=&#8221;.vc_custom_1549724307741{padding-top: 90px !important;padding-bottom: 0px !important;background-image: url(https:\/\/www.diekleinengiganten.de\/wp-content\/uploads\/2017\/08\/1920x211_bg-2.png?id=765) !important;}&#8221;][vc_column width=&#8221;2\/3&#8243; offset=&#8221;vc_col-lg-8 vc_col-md-12 vc_col-xs-12&#8243;][vc_column_text css=&#8221;.vc_custom_1549709692373{margin-bottom: 25px !important;padding-bottom: 0px !important;}&#8221;]<\/p>\n<h2>Willkommen bei den<br \/>\nkleinen <span style=\"color: #e30613;\">G<\/span><span style=\"color: #009fe3;\">I<\/span><span style=\"color: #f8ea1b;\">G<\/span><span style=\"color: #009640;\">A<\/span><span style=\"color: #f39200;\">N<\/span><span style=\"color: #662483;\">T<\/span><span style=\"color: #d60b52;\">E<\/span><span style=\"color: #c99e67;\">N<\/span><\/h2>\n<p>[\/vc_column_text][vc_column_text css=&#8221;.vc_custom_1549983496744{margin-bottom: 50px !important;padding-bottom: 0px !important;}&#8221;]<em>Die kleinen Giganten &#8211; Ein gesundes Gro\u00df werden! <\/em><\/p>\n<p><em>Unser Schwerpunkt liegt auf der Gesundheit mit den Themen Bewegung, Ern\u00e4hrung und Pers\u00f6nlichkeit.<\/em><\/p>\n<p>Schon der Name unseres Hauses \u201eDie kleinen Giganten\u201c soll zeigen, dass die Wertsch\u00e4tzung der Kinder sehr gro\u00dfgeschrieben wird. Kinder sind kleine Giganten [&#8230;]<\/p>\n<p><a href=\"https:\/\/www.diekleinengiganten.de\/?page_id=1594\" target=\"_blank\" rel=\"noopener\"><span style=\"color: #a6c437;\">Mehr \u00fcber Uns<\/span><\/a>[\/vc_column_text][\/vc_column][vc_column width=&#8221;1\/3&#8243;][vc_mad_events_list items=&#8221;3&#8243; title=&#8221;Kommende Events&#8221; link=&#8221;||target:%20_blank|&#8221;][\/vc_column][\/vc_row][vc_row full_width=&#8221;stretch_row&#8221; css=&#8221;.vc_custom_1549724361968{padding-top: 25px !important;padding-bottom: 50px !important;}&#8221;][vc_column offset=&#8221;vc_col-lg-8 vc_col-md-12 vc_col-xs-12&#8243;][vc_mad_info_block tag_title=&#8221;h2&#8243; type=&#8221;type-6&#8243; columns=&#8221;2&#8243; title=&#8221;Aktuelles&#8221;][vc_mad_info_block_item icon=&#8221;licon-home&#8221; title=&#8221;Flohmarkt 18. April 10-13 Uhr&#8221; icon_color=&#8221;#d5d5d5&#8243; title_item_color=&#8221;#f05a21&#8243; btn_color=&#8221;#f05a21&#8243; link=&#8221;url:https%3A%2F%2Fwww.diekleinengiganten.de%2F%3Fpage_id%3D40|||&#8221;]Wir laden alle herzlich ein zu unserem 1. Flohmarkt. Die T\u00fcren stehen am 18. April von 10 &#8211; 13 Uhr offen. Schauen Sie vorbei zum st\u00f6bern, entdecken und verweilen. Kuchen, Leckereien und Getr\u00e4nke gibt es vor Ort. Der Flohmarkt findet auch bei schlechtem Wetter statt.<\/p>\n<p>Wir freuen uns auf alle, die vorbei schauen.[\/vc_mad_info_block_item][vc_mad_info_block_item title=&#8221;Spenden&#8221;]Wir nehmen sowohl Geld-Spenden als auch Sachspenden sehr gerne an und freuen uns sehr dar\u00fcber.<\/p>\n<p>Mithilfe von Spenden k\u00f6nnten wir den Kindern Ausfl\u00fcge und weiteres Spielmaterial erm\u00f6glichen. Die gesunde Ern\u00e4hrung, Ausfl\u00fcge, Projekte, Materialanschaffung und ansprechende R\u00e4ume gestalten sind uns ein hohes Anliegen.<\/p>\n<p>Wir freuen uns sehr \u00fcber Spenden, die uns erreichen und sind sehr dankbar daf\u00fcr. Direkte Sachspenden in der Einrichtung oder Geldspenden auf das Konto der Kita sind m\u00f6glich.<\/p>\n<p>Zukunftsschmiede gGmbH<\/p>\n<p>IBAN: DE81 6605 0101 0108 2654 55. BIC:\u00a0KARSDE66XXX[\/vc_mad_info_block_item][\/vc_mad_info_block][\/vc_column][\/vc_row][vc_row][vc_column][vc_column_text]<\/p>\n<p>[\/vc_column_text][\/vc_column][\/vc_row][vc_row full_width=&#8221;stretch_row&#8221; parallax=&#8221;content-moving&#8221; parallax_image=&#8221;415&#8243; css=&#8221;.vc_custom_1549714862635{padding-top: 90px !important;padding-bottom: 70px !important;}&#8221;][vc_column][vc_mad_info_block tag_title=&#8221;h2&#8243; title_align=&#8221;align-center&#8221; description_align=&#8221;align-center&#8221; type=&#8221;type-2 type-5&#8243; columns=&#8221;2&#8243; font_container_title=&#8221;tag:h2|text_align:left|color:%23ffffff&#8221; font_container_description=&#8221;text_align:center|color:%23ffffff&#8221; title=&#8221;Betreuungspl\u00e4tze&#8221; description=&#8221;Wir bieten Pl\u00e4tze f\u00fcr Kinder verschiedener Altersgruppen&#8221; title_color=&#8221;#ffffff&#8221; description_color=&#8221;#ffffff&#8221;][vc_mad_info_block_item icon=&#8221;licon-baby-bottle&#8221; title=&#8221;Krippe&#8221; icon_color=&#8221;#ffffff&#8221; title_item_color=&#8221;#ffffff&#8221;]<span style=\"color: #e9e9e9;\">Kinder zwischen 1-3 Jahren<\/span><\/p>\n<p><span style=\"color: #e9e9e9;\">2 Gruppen \u00e1 10 Kinder<\/span>[\/vc_mad_info_block_item][vc_mad_info_block_item icon=&#8221;licon-slingshot&#8221; title=&#8221;Kindergarten&#8221; icon_color=&#8221;#ffffff&#8221; title_item_color=&#8221;#ffffff&#8221;]<span style=\"color: #e9e9e9;\">Kinder zwischen 2-6 Jahren<\/span><\/p>\n<p><span style=\"color: #e9e9e9;\">2 Gruppen \u00e1 15 Kinder<\/span>[\/vc_mad_info_block_item][\/vc_mad_info_block][\/vc_column][\/vc_row][vc_row full_width=&#8221;stretch_row&#8221; css=&#8221;.vc_custom_1549723017227{padding-top: 60px !important;padding-bottom: 60px !important;background-image: url(https:\/\/www.diekleinengiganten.de\/wp-content\/uploads\/2017\/08\/1920x211_bg-2.png?id=765) !important;background-position: center !important;background-repeat: no-repeat !important;background-size: cover !important;}&#8221;][vc_column width=&#8221;1\/2&#8243;][vc_column_text]Liebe Eltern,<\/p>\n<p>Sie m\u00f6chten Ihr Kind bei uns in der Kita anmelden?<\/p>\n<p>Wir nehmen teil am einheitlichen Anmelde- und R\u00fcckmeldeverfahren Karlsruher Kitas. F\u00fcllen Sie dieses Kontaktformular aus und senden es uns. Sie werden nach Eingang der Anmeldung in die Warteliste f\u00fcr die Einrichtung aufgenommen. Der Link f\u00fchrt Sie zur Anmeldeseite der Stadt Karlsruhe.[\/vc_column_text][\/vc_column][vc_column width=&#8221;1\/2&#8243;][vc_btn title=&#8221;Hier Anmelden&#8221; style=&#8221;classic&#8221; color=&#8221;pink&#8221; size=&#8221;lg&#8221; align=&#8221;center&#8221; link=&#8221;url:https%3A%2F%2Fwww.karlsruhe.de%2Fb3%2Fsoziales%2Feinrichtungen%2Fkindertagesstaetten%2Fanmeldeverfahren||target:%20_blank|&#8221; css=&#8221;.vc_custom_1549722414223{padding-top: 90px !important;}&#8221;][\/vc_column][\/vc_row]<\/p>\n","protected":false},"excerpt":{"rendered":"<p>[vc_row][vc_column][rev_slider_vc alias=&#8221;slider1&#8243;][\/vc_column][\/vc_row][vc_row full_width=&#8221;stretch_row&#8221; css=&#8221;.vc_custom_1549724307741{padding-top: 90px !important;padding-bottom: 0px !important;background-image: url(https:\/\/www.diekleinengiganten.de\/wp-content\/uploads\/2017\/08\/1920x211_bg-2.png?id=765) !important;}&#8221;][vc_column width=&#8221;2\/3&#8243; offset=&#8221;vc_col-lg-8 vc_col-md-12 vc_col-xs-12&#8243;][vc_column_text css=&#8221;.vc_custom_1549709692373{margin-bottom: 25px !important;padding-bottom: 0px !important;}&#8221;] Willkommen bei den kleinen GIGANTEN [\/vc_column_text][vc_column_text css=&#8221;.vc_custom_1549983496744{margin-bottom: 50px !important;padding-bottom: 0px !important;}&#8221;]Die kleinen Giganten &#8211; Ein gesundes Gro\u00df werden! Unser Schwerpunkt liegt auf der Gesundheit mit den Themen Bewegung, Ern\u00e4hrung und Pers\u00f6nlichkeit. Schon der Name unseres Hauses [&hellip;]<\/p>\n","protected":false},"author":1,"featured_media":0,"parent":0,"menu_order":0,"comment_status":"closed","ping_status":"closed","template":"","meta":{"_EventAllDay":false,"_EventTimezone":"","_EventStartDate":"","_EventEndDate":"","_EventStartDateUTC":"","_EventEndDateUTC":"","_EventShowMap":false,"_EventShowMapLink":false,"_EventURL":"","_EventCost":"","_EventCostDescription":"","_EventCurrencySymbol":"","_EventCurrencyPosition":"","_EventDateTimeSeparator":"","_EventTimeRangeSeparator":"","_EventOrganizerID":[],"_EventVenueID":0,"_OrganizerEmail":"","_OrganizerPhone":"","_OrganizerWebsite":"","_VenueAddress":"","_VenueCity":"","_VenueCountry":"","_VenueProvince":"","_VenueZip":"","_VenuePhone":"","_VenueURL":"","_VenueStateProvince":"","_VenueLat":"","_VenueLng":"","footnotes":""},"class_list":["post-882","page","type-page","status-publish","hentry"],"_links":{"self":[{"href":"https:\/\/www.diekleinengiganten.de\/index.php?rest_route=\/wp\/v2\/pages\/882","targetHints":{"allow":["GET"]}}],"collection":[{"href":"https:\/\/www.diekleinengiganten.de\/index.php?rest_route=\/wp\/v2\/pages"}],"about":[{"href":"https:\/\/www.diekleinengiganten.de\/index.php?rest_route=\/wp\/v2\/types\/page"}],"author":[{"embeddable":true,"href":"https:\/\/www.diekleinengiganten.de\/index.php?rest_route=\/wp\/v2\/users\/1"}],"replies":[{"embeddable":true,"href":"https:\/\/www.diekleinengiganten.de\/index.php?rest_route=%2Fwp%2Fv2%2Fcomments&post=882"}],"version-history":[{"count":11,"href":"https:\/\/www.diekleinengiganten.de\/index.php?rest_route=\/wp\/v2\/pages\/882\/revisions"}],"predecessor-version":[{"id":2116,"href":"https:\/\/www.diekleinengiganten.de\/index.php?rest_route=\/wp\/v2\/pages\/882\/revisions\/2116"}],"wp:attachment":[{"href":"https:\/\/www.diekleinengiganten.de\/index.php?rest_route=%2Fwp%2Fv2%2Fmedia&parent=882"}],"curies":[{"name":"wp","href":"https:\/\/api.w.org\/{rel}","templated":true}]}}